{"id":6489,"date":"2023-08-23T23:30:32","date_gmt":"2023-08-23T21:30:32","guid":{"rendered":"https:\/\/itaaliakohv.ee\/?post_type=product&#038;p=6489"},"modified":"2026-04-28T09:44:20","modified_gmt":"2026-04-28T07:44:20","slug":"bullo-rosso-dolce-gusto","status":"publish","type":"product","link":"https:\/\/itaaliakohv.ee\/ru\/bullo-rosso-dolce-gusto\/","title":{"rendered":"DolceVita kapsel \u201cBullo Rosso kokteil\u201d Dolce Gusto\u00ae"},"content":{"rendered":"<p>DolceVita kapsel \u201cBullo Rosso kokteil\u201d Dolce Gusto\u00ae- alkoholivaba v\u00e4rske ja energiast pakatav Bullo Rosso kokteilijook. DolceVita kokteili kapsliga saate valmistada kiirelt kokteili oma Dolce Gusto\u00ae kohvimasinaga. Lisage joogile vaid j\u00e4\u00e4d, soovi korral alkoholi ning suvine kokteil ongi valmis. P\u00f5hjalikuma kokteili tegemise \u00f5petuse leiate sellest videost: <a href=\"https:\/\/bit.ly\/3P7Ao49\" target=\"_blank\" rel=\"noopener\">https:\/\/bit.ly\/3P7Ao49<\/a><\/p>\n<p>&nbsp;<\/p>","protected":false},"excerpt":{"rendered":"<p>DolceVita kapsel \u201cBullo Rosso kokteil\u201d &#8211;\u00a0 DolceVita on loonud suviste jookide sarja.\u00a0 Dolce Gusto\u00ae masinaga saab valmistada kohvi, teed, kakaod&#8230; aga kas olete kunagi m\u00f5elnud kasutada seda k\u00fclma kokteili valmistamiseks?<\/p>\n<p>N\u00fc\u00fcd on see v\u00f5imalus ja \u00fcks neist on alkoholivaba v\u00e4rske ja energiast pakatav Bullo Rosso kokteilijook. DolceVita kokteili kapsliga saate valmistada kiirelt kokteili oma Dolce Gusto\u00ae kohvimasinaga. Lisage joogile vaid j\u00e4\u00e4d, soovi korral alkoholi ning suvine kokteil ongi valmis. P\u00f5hjalikuma kokteili tegemise \u00f5petuse leiate sellest videost: <a href=\"https:\/\/bit.ly\/3P7Ao49\">https:\/\/bit.ly\/3P7Ao49<\/a><\/p>\n<p>Antud toote tuleb ette tellida, tarneaeg 10-14 p\u00e4eva.<\/p>","protected":false},"featured_media":6490,"comment_status":"open","ping_status":"closed","template":"","meta":{"site-sidebar-layout":"default","site-content-layout":"default","ast-site-content-layout":"default","site-content-style":"default","site-sidebar-style":"default","ast-global-header-display":"","ast-banner-title-visibility":"","ast-main-header-display":"","ast-hfb-above-header-display":"","ast-hfb-below-header-display":"","ast-hfb-mobile-header-display":"","site-post-title":"","ast-breadcrumbs-content":"","ast-featured-img":"","footer-sml-layout":"","ast-disable-related-posts":"","theme-transparent-header-meta":"default","adv-header-id-meta":"","stick-header-meta":"default","header-above-stick-meta":"","header-main-stick-meta":"","header-below-stick-meta":"","astra-migrate-meta-layouts":"set","ast-page-background-enabled":"default","ast-page-background-meta":{"desktop":{"background-color":"","background-image":"","background-repeat":"repeat","background-position":"center center","background-size":"auto","background-attachment":"scroll","background-type":"","background-media":"","overlay-type":"","overlay-color":"","overlay-opacity":"","overlay-gradient":""},"tablet":{"background-color":"","background-image":"","background-repeat":"repeat","background-position":"center center","background-size":"auto","background-attachment":"scroll","background-type":"","background-media":"","overlay-type":"","overlay-color":"","overlay-opacity":"","overlay-gradient":""},"mobile":{"background-color":"","background-image":"","background-repeat":"repeat","background-position":"center center","background-size":"auto","background-attachment":"scroll","background-type":"","background-media":"","overlay-type":"","overlay-color":"","overlay-opacity":"","overlay-gradient":""}},"ast-content-background-meta":{"desktop":{"background-color":"var(--ast-global-color-5)","background-image":"","background-repeat":"repeat","background-position":"center center","background-size":"auto","background-attachment":"scroll","background-type":"","background-media":"","overlay-type":"","overlay-color":"","overlay-opacity":"","overlay-gradient":""},"tablet":{"background-color":"var(--ast-global-color-5)","background-image":"","background-repeat":"repeat","background-position":"center center","background-size":"auto","background-attachment":"scroll","background-type":"","background-media":"","overlay-type":"","overlay-color":"","overlay-opacity":"","overlay-gradient":""},"mobile":{"background-color":"var(--ast-global-color-5)","background-image":"","background-repeat":"repeat","background-position":"center center","background-size":"auto","background-attachment":"scroll","background-type":"","background-media":"","overlay-type":"","overlay-color":"","overlay-opacity":"","overlay-gradient":""}}},"product_brand":[],"product_cat":[29,154],"product_tag":[138,125,144],"class_list":{"0":"post-6489","1":"product","2":"type-product","3":"status-publish","4":"has-post-thumbnail","6":"product_cat-maitsejoogid","7":"product_cat-dolce-gusto-maitsejoogid","8":"product_tag-dolce-gusto","9":"product_tag-gourmet","10":"product_tag-limited-edition","11":"desktop-align-left","12":"tablet-align-center","13":"mobile-align-left","14":"ast-product-gallery-layout-horizontal","15":"ast-product-tabs-layout-horizontal","17":"first","18":"instock","19":"taxable","20":"shipping-taxable","21":"purchasable","22":"product-type-simple"},"supplier_id":null,"supplier_sku":"","barcode":null,"atum_controlled":true,"out_stock_date":null,"out_stock_threshold":null,"inheritable":false,"inbound_stock":1,"stock_on_hold":0,"sold_today":0,"sales_last_days":0,"reserved_stock":0,"customer_returns":0,"warehouse_damage":0,"lost_in_post":0,"other_logs":0,"out_stock_days":0,"lost_sales":0,"has_location":false,"update_date":"2026-05-06T02:47:27","atum_locations":[],"atum_stock_status":"instock","restock_status":false,"low_stock_amount":"","sales_update_date":"2026-05-06T02:47:27","calc_backorders":null,"_links":{"self":[{"href":"https:\/\/itaaliakohv.ee\/ru\/wp-json\/wp\/v2\/product\/6489","targetHints":{"allow":["GET"]}}],"collection":[{"href":"https:\/\/itaaliakohv.ee\/ru\/wp-json\/wp\/v2\/product"}],"about":[{"href":"https:\/\/itaaliakohv.ee\/ru\/wp-json\/wp\/v2\/types\/product"}],"replies":[{"embeddable":true,"href":"https:\/\/itaaliakohv.ee\/ru\/wp-json\/wp\/v2\/comments?post=6489"}],"wp:featuredmedia":[{"embeddable":true,"href":"https:\/\/itaaliakohv.ee\/ru\/wp-json\/wp\/v2\/media\/6490"}],"wp:attachment":[{"href":"https:\/\/itaaliakohv.ee\/ru\/wp-json\/wp\/v2\/media?parent=6489"}],"wp:term":[{"taxonomy":"product_brand","embeddable":true,"href":"https:\/\/itaaliakohv.ee\/ru\/wp-json\/wp\/v2\/product_brand?post=6489"},{"taxonomy":"product_cat","embeddable":true,"href":"https:\/\/itaaliakohv.ee\/ru\/wp-json\/wp\/v2\/product_cat?post=6489"},{"taxonomy":"product_tag","embeddable":true,"href":"https:\/\/itaaliakohv.ee\/ru\/wp-json\/wp\/v2\/product_tag?post=6489"}],"curies":[{"name":"wp","href":"https:\/\/api.w.org\/{rel}","templated":true}]}}