{"id":96,"date":"2018-06-18T06:57:57","date_gmt":"2018-06-18T04:57:57","guid":{"rendered":"https:\/\/www.itaaliakohv.ee\/about\/"},"modified":"2023-04-30T22:13:13","modified_gmt":"2023-04-30T20:13:13","slug":"meist","status":"publish","type":"page","link":"https:\/\/itaaliakohv.ee\/ru\/meist\/","title":{"rendered":"Meist"},"content":{"rendered":"<div data-elementor-type=\"wp-post\" data-elementor-id=\"96\" class=\"elementor elementor-96\" wpc-filter-elementor-widget=\"1\">\n\t\t\t\t\t\t<section class=\"elementor-section elementor-top-section elementor-element elementor-element-7af1913 elementor-section-content-middle elementor-section-boxed elementor-section-height-default elementor-section-height-default\" data-id=\"7af1913\" data-element_type=\"section\" data-e-type=\"section\" data-settings=\"{&quot;background_background&quot;:&quot;classic&quot;}\">\n\t\t\t\t\t\t\t<div class=\"elementor-background-overlay\"><\/div>\n\t\t\t\t\t\t\t<div class=\"elementor-container elementor-column-gap-default\">\n\t\t\t\t\t<div class=\"elementor-column elementor-col-100 elementor-top-column elementor-element elementor-element-6ed6cac\" data-id=\"6ed6cac\" data-element_type=\"column\" data-e-type=\"column\">\n\t\t\t<div class=\"elementor-widget-wrap elementor-element-populated\">\n\t\t\t\t\t\t<div class=\"elementor-element elementor-element-285c924 elementor-widget elementor-widget-heading\" data-id=\"285c924\" data-element_type=\"widget\" data-e-type=\"widget\" data-widget_type=\"heading.default\">\n\t\t\t\t<div class=\"elementor-widget-container\">\n\t\t\t\t\t<h1 class=\"elementor-heading-title elementor-size-default\">Meist<\/h1>\t\t\t\t<\/div>\n\t\t\t\t<\/div>\n\t\t\t\t<div class=\"elementor-element elementor-element-69e5a35 elementor-widget elementor-widget-heading\" data-id=\"69e5a35\" data-element_type=\"widget\" data-e-type=\"widget\" data-widget_type=\"heading.default\">\n\t\t\t\t<div class=\"elementor-widget-container\">\n\t\t\t\t\t<h2 class=\"elementor-heading-title elementor-size-default\">DolceVita - originaalne itaaliap\u00e4rane kohv otse Itaalia kohvitootjalt<\/h2>\t\t\t\t<\/div>\n\t\t\t\t<\/div>\n\t\t\t\t\t<\/div>\n\t\t<\/div>\n\t\t\t\t\t<\/div>\n\t\t<\/section>\n\t\t\t\t<section class=\"elementor-section elementor-top-section elementor-element elementor-element-7c3707c elementor-section-boxed elementor-section-height-default elementor-section-height-default\" data-id=\"7c3707c\" data-element_type=\"section\" data-e-type=\"section\">\n\t\t\t\t\t\t<div class=\"elementor-container elementor-column-gap-default\">\n\t\t\t\t\t<div class=\"elementor-column elementor-col-100 elementor-top-column elementor-element elementor-element-38aa418\" data-id=\"38aa418\" data-element_type=\"column\" data-e-type=\"column\">\n\t\t\t<div class=\"elementor-widget-wrap elementor-element-populated\">\n\t\t\t\t\t\t<div class=\"elementor-element elementor-element-5d8900d elementor-widget elementor-widget-image\" data-id=\"5d8900d\" data-element_type=\"widget\" data-e-type=\"widget\" data-widget_type=\"image.default\">\n\t\t\t\t<div class=\"elementor-widget-container\">\n\t\t\t\t\t\t\t\t\t\t\t\t\t\t\t<img decoding=\"async\" width=\"150\" height=\"50\" src=\"https:\/\/itaaliakohv.ee\/wp-content\/uploads\/2023\/03\/oad2v3.png\" class=\"attachment-full size-full wp-image-5821\" alt=\"DolceVita kohvioad\" srcset=\"https:\/\/itaaliakohv.ee\/wp-content\/uploads\/2023\/03\/oad2v3.png 150w, https:\/\/itaaliakohv.ee\/wp-content\/uploads\/2023\/03\/oad2v3-18x6.png 18w\" sizes=\"(max-width: 150px) 100vw, 150px\" \/>\t\t\t\t\t\t\t\t\t\t\t\t\t\t\t<\/div>\n\t\t\t\t<\/div>\n\t\t\t\t\t<\/div>\n\t\t<\/div>\n\t\t\t\t\t<\/div>\n\t\t<\/section>\n\t\t\t\t<section class=\"elementor-section elementor-top-section elementor-element elementor-element-f557a95 elementor-section-boxed elementor-section-height-default elementor-section-height-default\" data-id=\"f557a95\" data-element_type=\"section\" data-e-type=\"section\">\n\t\t\t\t\t\t<div class=\"elementor-container elementor-column-gap-default\">\n\t\t\t\t\t<div class=\"elementor-column elementor-col-100 elementor-top-column elementor-element elementor-element-410ccc2\" data-id=\"410ccc2\" data-element_type=\"column\" data-e-type=\"column\">\n\t\t\t<div class=\"elementor-widget-wrap elementor-element-populated\">\n\t\t\t\t\t\t\t<\/div>\n\t\t<\/div>\n\t\t\t\t\t<\/div>\n\t\t<\/section>\n\t\t\t\t<section class=\"elementor-section elementor-top-section elementor-element elementor-element-f1bffc2 elementor-section-boxed elementor-section-height-default elementor-section-height-default\" data-id=\"f1bffc2\" data-element_type=\"section\" data-e-type=\"section\">\n\t\t\t\t\t\t<div class=\"elementor-container elementor-column-gap-default\">\n\t\t\t\t\t<div class=\"elementor-column elementor-col-50 elementor-top-column elementor-element elementor-element-8190ee5\" data-id=\"8190ee5\" data-element_type=\"column\" data-e-type=\"column\">\n\t\t\t<div class=\"elementor-widget-wrap elementor-element-populated\">\n\t\t\t\t\t\t<div class=\"elementor-element elementor-element-b5fd0ac elementor-widget elementor-widget-heading\" data-id=\"b5fd0ac\" data-element_type=\"widget\" data-e-type=\"widget\" data-widget_type=\"heading.default\">\n\t\t\t\t<div class=\"elementor-widget-container\">\n\t\t\t\t\t<h3 class=\"elementor-heading-title elementor-size-large\">Kes me oleme?<\/h3>\t\t\t\t<\/div>\n\t\t\t\t<\/div>\n\t\t\t\t<div class=\"elementor-element elementor-element-e4e803b elementor-widget elementor-widget-text-editor\" data-id=\"e4e803b\" data-element_type=\"widget\" data-e-type=\"widget\" data-widget_type=\"text-editor.default\">\n\t\t\t\t<div class=\"elementor-widget-container\">\n\t\t\t\t\t\t\t\t\t<p>Dolce Vita Est O\u00dc toob maale ja m\u00fc\u00fcb edasi Itaalia kohvibr\u00e4ndi DolceVita tooteid. Dolce Vita ettev\u00f5te spetsialiseerub kohvi r\u00f6stimisele ning kohviubade, kohvikapslite, teekapslite ja maitsejookide tootmisele.<\/p><p>Villar San Costanzos asuv tootmisettev\u00f5te on keskendunud Itaalia ning v\u00e4lismaa klientidele, kes soovivad erakordseid maitseeleamusi ning t\u00e4helepanelikku teenindust. K\u00f5ik tootmistegevused (r\u00f6stimisest pakendamiseni) toimuvad ettev\u00f5ttes selleks, et oleks v\u00f5imalik tootmists\u00fcklit j\u00e4lgida ning tagada toodangu kvaliteet ja j\u00e4tkusuutlikkus.<\/p><p>Tootmisettev\u00f5ttes toodetakse ligi 2500 kg r\u00f6stitud kohvi p\u00e4evas ja see on saadaval nii kohviubadena kui ka kohvikapslitena, mis \u00fchilduvad enamlevinud kapselkohvimasinatega (nt. Nespresso, Dolce Gusto, A Modo Mio, Caffitaly, Espresso Point, Ese Pods, Uno System, Blue).<\/p>\t\t\t\t\t\t\t\t<\/div>\n\t\t\t\t<\/div>\n\t\t\t\t<div class=\"elementor-element elementor-element-092c5a9 elementor-widget elementor-widget-spacer\" data-id=\"092c5a9\" data-element_type=\"widget\" data-e-type=\"widget\" data-widget_type=\"spacer.default\">\n\t\t\t\t<div class=\"elementor-widget-container\">\n\t\t\t\t\t\t\t<div class=\"elementor-spacer\">\n\t\t\t<div class=\"elementor-spacer-inner\"><\/div>\n\t\t<\/div>\n\t\t\t\t\t\t<\/div>\n\t\t\t\t<\/div>\n\t\t\t\t<div class=\"elementor-element elementor-element-f349919 elementor-widget elementor-widget-heading\" data-id=\"f349919\" data-element_type=\"widget\" data-e-type=\"widget\" data-widget_type=\"heading.default\">\n\t\t\t\t<div class=\"elementor-widget-container\">\n\t\t\t\t\t<h3 class=\"elementor-heading-title elementor-size-large\">Miks DolceVita?<\/h3>\t\t\t\t<\/div>\n\t\t\t\t<\/div>\n\t\t\t\t<div class=\"elementor-element elementor-element-20f2267 elementor-widget elementor-widget-text-editor\" data-id=\"20f2267\" data-element_type=\"widget\" data-e-type=\"widget\" data-widget_type=\"text-editor.default\">\n\t\t\t\t<div class=\"elementor-widget-container\">\n\t\t\t\t\t\t\t\t\t<p>Soovime hoida oma tooteid ekslusiivsena ning tarbija jaoks k\u00e4ttesaadavana, sellep\u00e4rast ei leia meie tooteid suurtest peokettidest. Kuna k\u00f5ik tootmistegevused (r\u00f6stimisest pakendamiseni) toimuvad Itaalia ettev\u00f5ttes, siis see tagab DolceVita toodete k\u00f5rge kvaliteedi ja soodsa hinna.<\/p>\t\t\t\t\t\t\t\t<\/div>\n\t\t\t\t<\/div>\n\t\t\t\t<div class=\"elementor-element elementor-element-e76eda2 elementor-align-left elementor-widget elementor-widget-button\" data-id=\"e76eda2\" data-element_type=\"widget\" data-e-type=\"widget\" data-widget_type=\"button.default\">\n\t\t\t\t<div class=\"elementor-widget-container\">\n\t\t\t\t\t\t\t\t\t<div class=\"elementor-button-wrapper\">\n\t\t\t\t\t<a class=\"elementor-button elementor-button-link elementor-size-sm\" href=\"https:\/\/itaaliakohv.ee\/ru\/pood\/\">\n\t\t\t\t\t\t<span class=\"elementor-button-content-wrapper\">\n\t\t\t\t\t\t\t\t\t<span class=\"elementor-button-text\">K\u00fclasta meie e-poodi<\/span>\n\t\t\t\t\t<\/span>\n\t\t\t\t\t<\/a>\n\t\t\t\t<\/div>\n\t\t\t\t\t\t\t\t<\/div>\n\t\t\t\t<\/div>\n\t\t\t\t\t<\/div>\n\t\t<\/div>\n\t\t\t\t<div class=\"elementor-column elementor-col-50 elementor-top-column elementor-element elementor-element-f19fa93\" data-id=\"f19fa93\" data-element_type=\"column\" data-e-type=\"column\">\n\t\t\t<div class=\"elementor-widget-wrap elementor-element-populated\">\n\t\t\t\t\t\t<div class=\"elementor-element elementor-element-e235669 elementor-widget elementor-widget-image\" data-id=\"e235669\" data-element_type=\"widget\" data-e-type=\"widget\" data-widget_type=\"image.default\">\n\t\t\t\t<div class=\"elementor-widget-container\">\n\t\t\t\t\t\t\t\t\t\t\t\t\t\t\t<img fetchpriority=\"high\" decoding=\"async\" width=\"797\" height=\"1024\" src=\"https:\/\/itaaliakohv.ee\/wp-content\/uploads\/2023\/03\/Untitled-design-6-797x1024.png\" class=\"attachment-large size-large wp-image-5809\" alt=\"Meist - Itaaliakohv.ee\" srcset=\"https:\/\/itaaliakohv.ee\/wp-content\/uploads\/2023\/03\/Untitled-design-6-797x1024.png 797w, https:\/\/itaaliakohv.ee\/wp-content\/uploads\/2023\/03\/Untitled-design-6-233x300.png 233w, https:\/\/itaaliakohv.ee\/wp-content\/uploads\/2023\/03\/Untitled-design-6-768x987.png 768w, https:\/\/itaaliakohv.ee\/wp-content\/uploads\/2023\/03\/Untitled-design-6-1195x1536.png 1195w, https:\/\/itaaliakohv.ee\/wp-content\/uploads\/2023\/03\/Untitled-design-6-9x12.png 9w, https:\/\/itaaliakohv.ee\/wp-content\/uploads\/2023\/03\/Untitled-design-6-1320x1697.png 1320w, https:\/\/itaaliakohv.ee\/wp-content\/uploads\/2023\/03\/Untitled-design-6-600x771.png 600w, https:\/\/itaaliakohv.ee\/wp-content\/uploads\/2023\/03\/Untitled-design-6.png 1556w\" sizes=\"(max-width: 797px) 100vw, 797px\" \/>\t\t\t\t\t\t\t\t\t\t\t\t\t\t\t<\/div>\n\t\t\t\t<\/div>\n\t\t\t\t\t<\/div>\n\t\t<\/div>\n\t\t\t\t\t<\/div>\n\t\t<\/section>\n\t\t\t\t<section class=\"elementor-section elementor-top-section elementor-element elementor-element-31ad7bc elementor-section-boxed elementor-section-height-default elementor-section-height-default\" data-id=\"31ad7bc\" data-element_type=\"section\" data-e-type=\"section\">\n\t\t\t\t\t\t<div class=\"elementor-container elementor-column-gap-default\">\n\t\t\t\t\t<div class=\"elementor-column elementor-col-100 elementor-top-column elementor-element elementor-element-09d8448\" data-id=\"09d8448\" data-element_type=\"column\" data-e-type=\"column\">\n\t\t\t<div class=\"elementor-widget-wrap elementor-element-populated\">\n\t\t\t\t\t\t<div class=\"elementor-element elementor-element-ddc787c elementor-widget elementor-widget-image\" data-id=\"ddc787c\" data-element_type=\"widget\" data-e-type=\"widget\" data-widget_type=\"image.default\">\n\t\t\t\t<div class=\"elementor-widget-container\">\n\t\t\t\t\t\t\t\t\t\t\t\t\t\t\t<img decoding=\"async\" width=\"522\" height=\"502\" src=\"https:\/\/itaaliakohv.ee\/wp-content\/uploads\/2023\/03\/pod.png\" class=\"attachment-full size-full wp-image-5807\" alt=\"Kontakt\" srcset=\"https:\/\/itaaliakohv.ee\/wp-content\/uploads\/2023\/03\/pod.png 522w, https:\/\/itaaliakohv.ee\/wp-content\/uploads\/2023\/03\/pod-300x289.png 300w, https:\/\/itaaliakohv.ee\/wp-content\/uploads\/2023\/03\/pod-12x12.png 12w\" sizes=\"(max-width: 522px) 100vw, 522px\" \/>\t\t\t\t\t\t\t\t\t\t\t\t\t\t\t<\/div>\n\t\t\t\t<\/div>\n\t\t\t\t\t<\/div>\n\t\t<\/div>\n\t\t\t\t\t<\/div>\n\t\t<\/section>\n\t\t\t\t<section class=\"elementor-section elementor-top-section elementor-element elementor-element-5e7cc0e elementor-section-boxed elementor-section-height-default elementor-section-height-default\" data-id=\"5e7cc0e\" data-element_type=\"section\" data-e-type=\"section\">\n\t\t\t\t\t\t<div class=\"elementor-container elementor-column-gap-default\">\n\t\t\t\t\t<div class=\"elementor-column elementor-col-100 elementor-top-column elementor-element elementor-element-69e28da\" data-id=\"69e28da\" data-element_type=\"column\" data-e-type=\"column\">\n\t\t\t<div class=\"elementor-widget-wrap elementor-element-populated\">\n\t\t\t\t\t\t<div class=\"elementor-element elementor-element-d993e8a elementor-widget elementor-widget-spacer\" data-id=\"d993e8a\" data-element_type=\"widget\" data-e-type=\"widget\" data-widget_type=\"spacer.default\">\n\t\t\t\t<div class=\"elementor-widget-container\">\n\t\t\t\t\t\t\t<div class=\"elementor-spacer\">\n\t\t\t<div class=\"elementor-spacer-inner\"><\/div>\n\t\t<\/div>\n\t\t\t\t\t\t<\/div>\n\t\t\t\t<\/div>\n\t\t\t\t\t<\/div>\n\t\t<\/div>\n\t\t\t\t\t<\/div>\n\t\t<\/section>\n\t\t\t\t<\/div>","protected":false},"excerpt":{"rendered":"<p>Meist DolceVita &#8211; originaalne itaaliap\u00e4rane kohv otse Itaalia kohvitootjalt Kes me oleme? Dolce Vita Est O\u00dc toob maale ja m\u00fc\u00fcb edasi Itaalia kohvibr\u00e4ndi DolceVita tooteid. Dolce Vita ettev\u00f5te spetsialiseerub kohvi r\u00f6stimisele ning kohviubade, kohvikapslite, teekapslite ja maitsejookide tootmisele. Villar San Costanzos asuv tootmisettev\u00f5te on keskendunud Itaalia ning v\u00e4lismaa klientidele, kes soovivad erakordseid maitseeleamusi ning t\u00e4helepanelikku [&hellip;]<\/p>\n","protected":false},"author":7,"featured_media":0,"parent":0,"menu_order":0,"comment_status":"closed","ping_status":"closed","template":"","meta":{"site-sidebar-layout":"no-sidebar","site-content-layout":"page-builder","ast-site-content-layout":"default","site-content-style":"default","site-sidebar-style":"default","ast-global-header-display":"","ast-banner-title-visibility":"","ast-main-header-display":"","ast-hfb-above-header-display":"","ast-hfb-below-header-display":"","ast-hfb-mobile-header-display":"","site-post-title":"disabled","ast-breadcrumbs-content":"","ast-featured-img":"disabled","footer-sml-layout":"","ast-disable-related-posts":"","theme-transparent-header-meta":"enabled","adv-header-id-meta":"","stick-header-meta":"default","header-above-stick-meta":"","header-main-stick-meta":"","header-below-stick-meta":"","astra-migrate-meta-layouts":"default","ast-page-background-enabled":"default","ast-page-background-meta":{"desktop":{"background-color":"","background-image":"","background-repeat":"repeat","background-position":"center center","background-size":"auto","background-attachment":"scroll","background-type":"","background-media":"","overlay-type":"","overlay-color":"","overlay-opacity":"","overlay-gradient":""},"tablet":{"background-color":"","background-image":"","background-repeat":"repeat","background-position":"center center","background-size":"auto","background-attachment":"scroll","background-type":"","background-media":"","overlay-type":"","overlay-color":"","overlay-opacity":"","overlay-gradient":""},"mobile":{"background-color":"","background-image":"","background-repeat":"repeat","background-position":"center center","background-size":"auto","background-attachment":"scroll","background-type":"","background-media":"","overlay-type":"","overlay-color":"","overlay-opacity":"","overlay-gradient":""}},"ast-content-background-meta":{"desktop":{"background-color":"var(--ast-global-color-5)","background-image":"","background-repeat":"repeat","background-position":"center center","background-size":"auto","background-attachment":"scroll","background-type":"","background-media":"","overlay-type":"","overlay-color":"","overlay-opacity":"","overlay-gradient":""},"tablet":{"background-color":"var(--ast-global-color-5)","background-image":"","background-repeat":"repeat","background-position":"center center","background-size":"auto","background-attachment":"scroll","background-type":"","background-media":"","overlay-type":"","overlay-color":"","overlay-opacity":"","overlay-gradient":""},"mobile":{"background-color":"var(--ast-global-color-5)","background-image":"","background-repeat":"repeat","background-position":"center center","background-size":"auto","background-attachment":"scroll","background-type":"","background-media":"","overlay-type":"","overlay-color":"","overlay-opacity":"","overlay-gradient":""}},"footnotes":""},"class_list":["post-96","page","type-page","status-publish","hentry"],"_links":{"self":[{"href":"https:\/\/itaaliakohv.ee\/ru\/wp-json\/wp\/v2\/pages\/96","targetHints":{"allow":["GET"]}}],"collection":[{"href":"https:\/\/itaaliakohv.ee\/ru\/wp-json\/wp\/v2\/pages"}],"about":[{"href":"https:\/\/itaaliakohv.ee\/ru\/wp-json\/wp\/v2\/types\/page"}],"author":[{"embeddable":true,"href":"https:\/\/itaaliakohv.ee\/ru\/wp-json\/wp\/v2\/users\/7"}],"replies":[{"embeddable":true,"href":"https:\/\/itaaliakohv.ee\/ru\/wp-json\/wp\/v2\/comments?post=96"}],"version-history":[{"count":5,"href":"https:\/\/itaaliakohv.ee\/ru\/wp-json\/wp\/v2\/pages\/96\/revisions"}],"predecessor-version":[{"id":6223,"href":"https:\/\/itaaliakohv.ee\/ru\/wp-json\/wp\/v2\/pages\/96\/revisions\/6223"}],"wp:attachment":[{"href":"https:\/\/itaaliakohv.ee\/ru\/wp-json\/wp\/v2\/media?parent=96"}],"curies":[{"name":"wp","href":"https:\/\/api.w.org\/{rel}","templated":true}]}}